{"id":7011,"date":"2026-01-20T17:38:40","date_gmt":"2026-01-20T17:38:40","guid":{"rendered":"https:\/\/diramstg.wpenginepowered.com\/?page_id=7011"},"modified":"2026-01-21T12:56:00","modified_gmt":"2026-01-21T12:56:00","slug":"terms-of-service","status":"publish","type":"page","link":"https:\/\/diram.com\/en\/terms-of-service\/","title":{"rendered":"Terms of Service"},"content":{"rendered":"<div data-elementor-type=\"wp-page\" data-elementor-id=\"7011\" class=\"elementor elementor-7011\" data-elementor-post-type=\"page\">\n\t\t\t\t<div class=\"elementor-element elementor-element-6670a1b e-flex e-con-boxed e-con e-parent\" data-id=\"6670a1b\" data-element_type=\"container\" data-e-type=\"container\">\n\t\t\t\t\t<div class=\"e-con-inner\">\n\t\t\t\t<div class=\"elementor-element elementor-element-7db83b9 elementor-widget elementor-widget-text-editor\" data-id=\"7db83b9\" data-element_type=\"widget\" data-e-type=\"widget\" data-widget_type=\"text-editor.default\">\n\t\t\t\t\t\t\t\t\t<h1>\u00a0<\/h1><h1><b>T\u00e9rminos de Servicio<\/b><\/h1><p><i><span style=\"font-weight: 400;\">\u00daltima actualizaci\u00f3n: 20 de enero de 2026<\/span><\/i><\/p><p><span style=\"font-weight: 400;\">Por favor, lea estos T\u00e9rminos de Servicio cuidadosamente antes de utilizar Nuestro Servicio.<\/span><\/p><h2><b>Interpretaci\u00f3n y Definiciones<\/b><\/h2><h3><b>Interpretaci\u00f3n<\/b><\/h3><p><span style=\"font-weight: 400;\">Las palabras cuya letra inicial est\u00e1 en may\u00fascula tienen significados definidos en las condiciones que se indican a continuaci\u00f3n. Estas definiciones tendr\u00e1n el mismo significado independientemente de que aparezcan en singular o plural.<\/span><\/p><h3><b>Definiciones<\/b><b><br \/><\/b><\/h3><p><span style=\"font-weight: 400;\">Para los fines de estos T\u00e9rminos de Servicio:<\/span><\/p><ul><li style=\"font-weight: 400;\" aria-level=\"1\"><b>Afiliado<\/b><span style=\"font-weight: 400;\"> significa una entidad que controla, es controlada por, o est\u00e1 bajo control com\u00fan con una parte, donde \u201ccontrol\u201d significa la propiedad del 50% o m\u00e1s de las acciones, participaciones o valores con derecho a voto para la elecci\u00f3n de directores u otra autoridad de gesti\u00f3n.<\/span><\/li><li style=\"font-weight: 400;\" aria-level=\"1\"><b>Pa\u00eds<\/b><span style=\"font-weight: 400;\"> se refiere a: Estados Unidos<\/span><\/li><li style=\"font-weight: 400;\" aria-level=\"1\"><b>Empresa<\/b><span style=\"font-weight: 400;\"> (referida como \u201cla Empresa\u201d, \u201cNosotros\u201d, \u201cNos\u201d o \u201cNuestro\u201d) se refiere a <\/span><b>Diram<\/b><span style=\"font-weight: 400;\">, ubicada en 18445 Highway 105 West, Suite 101 Montgomery, TX 77356, EE.\u202fUU.<\/span><\/li><li style=\"font-weight: 400;\" aria-level=\"1\"><b>Dispositivo<\/b><span style=\"font-weight: 400;\"> significa cualquier dispositivo que pueda acceder al Servicio, como computadora, tel\u00e9fono celular o tablet digital.<\/span><\/li><li style=\"font-weight: 400;\" aria-level=\"1\"><b>Servicio<\/b><span style=\"font-weight: 400;\"> se refiere al Sitio Web.<\/span><\/li><li style=\"font-weight: 400;\" aria-level=\"1\"><b>T\u00e9rminos de Servicio<\/b><span style=\"font-weight: 400;\"> (tambi\u00e9n referidos como \u201cT\u00e9rminos\u201d) son estos T\u00e9rminos de Servicio, incluidos los documentos expresamente incorporados por referencia, que rigen su acceso y uso del Servicio y constituyen el acuerdo completo entre Usted y la Empresa con respecto al Servicio.<\/span><\/li><li style=\"font-weight: 400;\" aria-level=\"1\"><b>Servicio de Redes Sociales de Terceros<\/b><span style=\"font-weight: 400;\"> significa cualquier servicio o contenido (incluidos datos, informaci\u00f3n, productos o servicios) proporcionado por un tercero que se muestra, incluye, pone a disposici\u00f3n o enlaza a trav\u00e9s del Servicio.<\/span><\/li><li style=\"font-weight: 400;\" aria-level=\"1\"><b>Sitio Web<\/b><span style=\"font-weight: 400;\"> se refiere a Diram, accesible desde <\/span><b>diram.com<\/b><\/li><li style=\"font-weight: 400;\" aria-level=\"1\"><b>Usted<\/b><span style=\"font-weight: 400;\"> significa la persona que accede o utiliza el Servicio, o la empresa u otra entidad legal en nombre de la cual dicha persona accede o utiliza el Servicio.<\/span><\/li><\/ul><p>\u00a0<\/p><h3><b>Reconocimiento<\/b><b><br \/><\/b><\/h3><p><span style=\"font-weight: 400;\">Estos T\u00e9rminos de Servicio regulan el uso del Servicio y el acuerdo entre Usted y la Empresa. Establecen los derechos y obligaciones de todos los usuarios.<\/span><\/p><p><span style=\"font-weight: 400;\">Su acceso y uso del Servicio est\u00e1 condicionado a la aceptaci\u00f3n de estos T\u00e9rminos de Servicio. Al acceder o usar el Servicio, Usted acepta estar sujeto a estos T\u00e9rminos. Si no est\u00e1 de acuerdo con alguna parte, no puede acceder al Servicio.<\/span><\/p><p><span style=\"font-weight: 400;\">Usted declara tener m\u00e1s de 18 a\u00f1os. La Empresa no permite que personas menores de 18 a\u00f1os utilicen el Servicio.<\/span><\/p><p><span style=\"font-weight: 400;\">Su uso del Servicio tambi\u00e9n est\u00e1 sujeto a Nuestra Pol\u00edtica de Privacidad, que explica c\u00f3mo se recopila, utiliza y divulga la informaci\u00f3n personal.<\/span><\/p><p>\u00a0<\/p><h3><b>Enlaces a Otros Sitios Web<\/b><b><br \/><\/b><\/h3><p><span style=\"font-weight: 400;\">Nuestro Servicio puede contener enlaces a sitios web o servicios de terceros que no son propiedad ni est\u00e1n controlados por la Empresa. La Empresa no se hace responsable del contenido, pol\u00edticas de privacidad o pr\u00e1cticas de dichos sitios o servicios. Se recomienda leer los t\u00e9rminos y pol\u00edticas de privacidad de cualquier sitio de terceros que visite.<\/span><\/p><p>\u00a0<\/p><h3><b>Enlaces desde un Servicio de Redes Sociales de Terceros<\/b><b><br \/><\/b><\/h3><p><span style=\"font-weight: 400;\">El Servicio puede incluir o enlazar a contenido o servicios proporcionados por un Servicio de Redes Sociales de Terceros, que no es propiedad ni est\u00e1 controlado por la Empresa. La Empresa no se responsabiliza por da\u00f1os o p\u00e9rdidas relacionados con el uso de dichos servicios. El uso de cualquier Servicio de Redes Sociales de Terceros est\u00e1 sujeto a sus propios t\u00e9rminos y pol\u00edticas de privacidad.<\/span><\/p><p>\u00a0<\/p><h3><b>Terminaci\u00f3n<\/b><b><br \/><\/b><\/h3><p><span style=\"font-weight: 400;\">Podemos suspender o terminar su acceso de manera inmediata, sin previo aviso ni responsabilidad, por cualquier motivo, incluyendo incumplimiento de estos T\u00e9rminos. Tras la terminaci\u00f3n, su derecho a usar el Servicio cesa inmediatamente.<\/span><\/p><p>\u00a0<\/p><h3><b>Limitaci\u00f3n de Responsabilidad<\/b><b><br \/><\/b><\/h3><p><span style=\"font-weight: 400;\">La responsabilidad de la Empresa y sus proveedores bajo cualquier disposici\u00f3n de estos T\u00e9rminos, y su \u00fanico recurso, se limita al monto que haya pagado a trav\u00e9s del Servicio o 100 USD si no ha realizado compras.<\/span><\/p><p><span style=\"font-weight: 400;\">En la m\u00e1xima medida permitida por la ley, la Empresa y sus proveedores no ser\u00e1n responsables por da\u00f1os especiales, incidentales, indirectos o consecuentes, incluso si se ha advertido de la posibilidad. Algunos estados o jurisdicciones pueden no permitir la exclusi\u00f3n de garant\u00edas impl\u00edcitas o limitaciones de responsabilidad, por lo que algunas limitaciones pueden no aplicarse.<\/span><\/p><p>\u00a0<\/p><h3><b>Exenci\u00f3n de Garant\u00edas &#8220;TAL CUAL&#8221; y &#8220;SEG\u00daN DISPONIBILIDAD&#8221;<\/b><b><br \/><\/b><\/h3><p><span style=\"font-weight: 400;\">El Servicio se proporciona &#8220;TAL CUAL&#8221; y &#8220;SEG\u00daN DISPONIBILIDAD&#8221; con todos sus defectos. La Empresa renuncia a todas las garant\u00edas, expresas o impl\u00edcitas, incluyendo comerciabilidad, idoneidad para un prop\u00f3sito particular y no infracci\u00f3n. La Empresa no garantiza que el Servicio cumpla sus requisitos, sea ininterrumpido, libre de errores o seguro.<\/span><\/p><h4><b>Ley Aplicable<\/b><b><br \/><\/b><\/h4><p><span style=\"font-weight: 400;\">Las leyes del Pa\u00eds (Estados Unidos), excluyendo sus normas sobre conflictos de ley, rigen estos T\u00e9rminos y su uso del Servicio.<\/span><\/p><h4>\u00a0<\/h4><h3><b>Resoluci\u00f3n de Disputas<\/b><b><br \/><\/b><\/h3><p><span style=\"font-weight: 400;\">Si tiene alg\u00fan conflicto o disputa sobre el Servicio, acepta primero intentar resolverlo de manera informal contactando a la Empresa.<\/span><\/p><p>\u00a0<\/p><h3><b>Para Usuarios de la Uni\u00f3n Europea (UE)<\/b><b><br \/><\/b><\/h3><p><span style=\"font-weight: 400;\">Si es un consumidor de la UE, se beneficiar\u00e1 de las disposiciones obligatorias de la ley de su pa\u00eds de residencia.<\/span><\/p><p>\u00a0<\/p><h3><b>Cumplimiento Legal en Estados Unidos<\/b><b><br \/><\/b><\/h3><p><span style=\"font-weight: 400;\">Usted declara que no se encuentra en un pa\u00eds sujeto a sanciones internacionales que afecten el uso del Servicio y que cumple con las regulaciones aplicables para acceder al Servicio desde su jurisdicci\u00f3n.<\/span><\/p><p>\u00a0<\/p><h3><b>Divisibilidad y Renuncia<\/b><\/h3><ul><li style=\"font-weight: 400;\" aria-level=\"1\"><b>Divisibilidad<\/b><span style=\"font-weight: 400;\">: Si alguna disposici\u00f3n es inaplicable, se ajustar\u00e1 para lograr sus objetivos, y las disposiciones restantes seguir\u00e1n en efecto.<\/span><\/li><li style=\"font-weight: 400;\" aria-level=\"1\"><b>Renuncia<\/b><span style=\"font-weight: 400;\">: La falta de ejercicio de un derecho u obligaci\u00f3n no constituye renuncia al derecho ni a obligaciones futuras.<\/span><\/li><\/ul><p>\u00a0<\/p><h3><b>Interpretaci\u00f3n de Traducci\u00f3n<\/b><b><br \/><\/b><\/h3><p><span style=\"font-weight: 400;\">Si estos T\u00e9rminos han sido traducidos, prevalecer\u00e1 el texto original en caso de disputa.<\/span><\/p><p>\u00a0<\/p><h3><b>Cambios a Estos T\u00e9rminos de Servicio<\/b><b><br \/><\/b><\/h3><p><span style=\"font-weight: 400;\">Podemos modificar o reemplazar estos T\u00e9rminos en cualquier momento. Para cambios materiales, haremos esfuerzos razonables por notificar al menos 30 d\u00edas antes de que entren en vigor. El uso continuado del Servicio implica la aceptaci\u00f3n de los T\u00e9rminos actualizados.<\/span><\/p><p>\u00a0<\/p><h3><b>Cont\u00e1ctenos<\/b><b><br \/><\/b><\/h3><p><span style=\"font-weight: 400;\">Puede contactarnos:<\/span><\/p><ul><li style=\"font-weight: 400;\" aria-level=\"1\"><span style=\"font-weight: 400;\">Por correo electr\u00f3nico: <\/span><b>contacto@diram.com<\/b><\/li><li style=\"font-weight: 400;\" aria-level=\"1\"><span style=\"font-weight: 400;\">Visitando: <\/span><b>diram.com\/contact-us<\/b><\/li><li style=\"font-weight: 400;\" aria-level=\"1\"><span style=\"font-weight: 400;\">Por tel\u00e9fono: <\/span><b>936 582-1099<\/b><\/li><\/ul><p>\u00a0<\/p>\t\t\t\t\t\t\t\t<\/div>\n\t\t\t\t\t<\/div>\n\t\t\t\t<\/div>\n\t\t\t\t<\/div>","protected":false},"excerpt":{"rendered":"<p>\u00a0 T\u00e9rminos de Servicio \u00daltima actualizaci\u00f3n: 20 de enero de 2026 Por favor, lea estos T\u00e9rminos de Servicio cuidadosamente antes de utilizar Nuestro Servicio. Interpretaci\u00f3n y Definiciones Interpretaci\u00f3n Las palabras cuya letra inicial est\u00e1 en may\u00fascula tienen significados definidos en las condiciones que se indican a continuaci\u00f3n. Estas definiciones tendr\u00e1n el mismo significado independientemente de [&hellip;]<\/p>\n","protected":false},"author":1,"featured_media":0,"parent":0,"menu_order":0,"comment_status":"closed","ping_status":"closed","template":"","meta":{"_acf_changed":false,"footnotes":""},"class_list":["post-7011","page","type-page","status-publish","hentry"],"acf":[],"_links":{"self":[{"href":"https:\/\/diram.com\/en\/wp-json\/wp\/v2\/pages\/7011","targetHints":{"allow":["GET"]}}],"collection":[{"href":"https:\/\/diram.com\/en\/wp-json\/wp\/v2\/pages"}],"about":[{"href":"https:\/\/diram.com\/en\/wp-json\/wp\/v2\/types\/page"}],"author":[{"embeddable":true,"href":"https:\/\/diram.com\/en\/wp-json\/wp\/v2\/users\/1"}],"replies":[{"embeddable":true,"href":"https:\/\/diram.com\/en\/wp-json\/wp\/v2\/comments?post=7011"}],"version-history":[{"count":0,"href":"https:\/\/diram.com\/en\/wp-json\/wp\/v2\/pages\/7011\/revisions"}],"wp:attachment":[{"href":"https:\/\/diram.com\/en\/wp-json\/wp\/v2\/media?parent=7011"}],"curies":[{"name":"wp","href":"https:\/\/api.w.org\/{rel}","templated":true}]}}