{"id":7335,"date":"2026-01-28T22:26:19","date_gmt":"2026-01-28T22:26:19","guid":{"rendered":"https:\/\/diramstg.wpenginepowered.com\/?page_id=7335"},"modified":"2026-04-27T22:06:38","modified_gmt":"2026-04-27T22:06:38","slug":"productos","status":"publish","type":"page","link":"https:\/\/diram.com\/es_mx\/productos\/","title":{"rendered":"Productos"},"content":{"rendered":"\t\t<div data-elementor-type=\"wp-page\" data-elementor-id=\"7335\" class=\"elementor elementor-7335\" data-elementor-post-type=\"page\">\n\t\t\t\t<div class=\"elementor-element elementor-element-e416cc0 e-ecs-flex e-flex e-con-boxed e-con e-parent\" data-id=\"e416cc0\" data-element_type=\"container\" data-e-type=\"container\" data-settings=\"{&quot;ecs_container_type&quot;:&quot;flex&quot;}\">\n\t\t\t\t\t<div class=\"e-con-inner\">\n\t\t\t\t\t<\/div>\n\t\t\t\t<\/div>\n\t\t<div class=\"elementor-element elementor-element-28d1eec e-ecs-flex e-flex e-con-boxed e-con e-parent\" data-id=\"28d1eec\" data-element_type=\"container\" data-e-type=\"container\" data-settings=\"{&quot;ecs_container_type&quot;:&quot;flex&quot;}\">\n\t\t\t\t\t<div class=\"e-con-inner\">\n\t\t<div class=\"elementor-element elementor-element-2e93774 e-con-full e-grid e-ecs-flex e-con e-child\" data-id=\"2e93774\" data-element_type=\"container\" data-e-type=\"container\" data-settings=\"{&quot;ecs_container_type&quot;:&quot;flex&quot;}\">\n\t\t\t\t<div class=\"elementor-element elementor-element-ef6737d elementor-widget elementor-widget-heading\" data-id=\"ef6737d\" data-element_type=\"widget\" data-e-type=\"widget\" data-widget_type=\"heading.default\">\n\t\t\t\t\t<h2 class=\"elementor-heading-title elementor-size-default\">Conoce nuestros Productos<\/h2>\t\t\t\t<\/div>\n\t\t\t\t<div class=\"elementor-element elementor-element-a3ee983 elementor-widget elementor-widget-text-editor\" data-id=\"a3ee983\" data-element_type=\"widget\" data-e-type=\"widget\" data-widget_type=\"text-editor.default\">\n\t\t\t\t\t\t\t\t\t<p>Expertos en el dise\u00f1o, fabricaci\u00f3n e implementaci\u00f3n de proyectos de compensaci\u00f3n reactiva, optimizaci\u00f3n de la calidad de la energ\u00eda y cumplimiento del C\u00f3digo de Red para la industria de alto consumo y plantas de generaci\u00f3n renovable.<\/p>\t\t\t\t\t\t\t\t<\/div>\n\t\t\t\t<\/div>\n\t\t\t\t\t<\/div>\n\t\t\t\t<\/div>\n\t\t<div class=\"elementor-element elementor-element-9740ad4 e-ecs-flex e-flex e-con-boxed e-con e-parent\" data-id=\"9740ad4\" data-element_type=\"container\" data-e-type=\"container\" data-settings=\"{&quot;background_background&quot;:&quot;classic&quot;,&quot;ecs_container_type&quot;:&quot;flex&quot;}\">\n\t\t\t\t\t<div class=\"e-con-inner\">\n\t\t\t\t\t<\/div>\n\t\t\t\t<\/div>\n\t\t<div class=\"elementor-element elementor-element-2140c4c e-ecs-flex e-flex e-con-boxed e-con e-parent\" data-id=\"2140c4c\" data-element_type=\"container\" data-e-type=\"container\" data-settings=\"{&quot;ecs_container_type&quot;:&quot;flex&quot;}\">\n\t\t\t\t\t<div class=\"e-con-inner\">\n\t\t<div class=\"elementor-element elementor-element-9f34d10 e-con-full e-ecs-flex e-flex e-con e-child\" data-id=\"9f34d10\" data-element_type=\"container\" data-e-type=\"container\" data-settings=\"{&quot;ecs_container_type&quot;:&quot;flex&quot;}\">\n\t\t<div class=\"elementor-element elementor-element-b650a3f e-con-full e-ecs-flex e-flex e-con e-child\" data-id=\"b650a3f\" data-element_type=\"container\" data-e-type=\"container\" data-settings=\"{&quot;ecs_container_type&quot;:&quot;flex&quot;}\">\n\t\t\t\t<div class=\"elementor-element elementor-element-d02f300 elementor-widget elementor-widget-heading\" data-id=\"d02f300\" data-element_type=\"widget\" data-e-type=\"widget\" data-widget_type=\"heading.default\">\n\t\t\t\t\t<h2 class=\"elementor-heading-title elementor-size-default\">Bancos de Capacitores <br> Filtros de Arm\u00f3nicas <\/h2>\t\t\t\t<\/div>\n\t\t\t\t<\/div>\n\t\t\t\t<div class=\"elementor-element elementor-element-b57f490 elementor-widget elementor-widget-button\" data-id=\"b57f490\" data-element_type=\"widget\" data-e-type=\"widget\" data-widget_type=\"button.default\">\n\t\t\t\t\t\t\t\t\t\t<a class=\"elementor-button elementor-button-link elementor-size-sm\" href=\"https:\/\/diram.com\/es_mx\/contact-us\/\">\n\t\t\t\t\t\t<span class=\"elementor-button-content-wrapper\">\n\t\t\t\t\t\t\t\t\t<span class=\"elementor-button-text\">M\u00e1s informaci\u00f3n<\/span>\n\t\t\t\t\t<\/span>\n\t\t\t\t\t<\/a>\n\t\t\t\t\t\t\t\t<\/div>\n\t\t\t\t<\/div>\n\t\t<div class=\"elementor-element elementor-element-dca92f8 e-con-full e-ecs-flex e-flex e-con e-child\" data-id=\"dca92f8\" data-element_type=\"container\" data-e-type=\"container\" data-settings=\"{&quot;ecs_container_type&quot;:&quot;flex&quot;}\">\n\t\t<div class=\"elementor-element elementor-element-4f9728f e-ecs-flex e-flex e-con-boxed e-con e-child\" data-id=\"4f9728f\" data-element_type=\"container\" data-e-type=\"container\" data-settings=\"{&quot;background_background&quot;:&quot;classic&quot;,&quot;ecs_container_type&quot;:&quot;flex&quot;}\">\n\t\t\t\t\t<div class=\"e-con-inner\">\n\t\t\t\t\t<\/div>\n\t\t\t\t<\/div>\n\t\t\t\t<div class=\"elementor-element elementor-element-722f489 elementor-widget elementor-widget-text-editor\" data-id=\"722f489\" data-element_type=\"widget\" data-e-type=\"widget\" data-widget_type=\"text-editor.default\">\n\t\t\t\t\t\t\t\t\t<p>Los bancos de capacitores de <b>DIRAM<\/b> han sido dise\u00f1ados como una soluci\u00f3n t\u00e9cnica y econ\u00f3micamente optimizada para la <b>compensaci\u00f3n de energ\u00eda reactiva en sistemas el\u00e9ctricos<\/b>. Son equipos destinados a mejorar el factor de potencia y la eficiencia del sistema, reduciendo p\u00e9rdidas y penalizaciones por consumo reactivo.<\/p><p>Se caracterizan por ser compactos, altamente eficientes y estar concebidos para una larga vida \u00fatil. Nuestros dise\u00f1os se distinguen por su f\u00e1cil ensamble e instalaci\u00f3n, as\u00ed como por procedimientos de mantenimiento simplificados.<\/p>\t\t\t\t\t\t\t\t<\/div>\n\t\t\t\t<\/div>\n\t\t\t\t\t<\/div>\n\t\t\t\t<\/div>\n\t\t<div class=\"elementor-element elementor-element-333517a e-ecs-flex e-flex e-con-boxed e-con e-parent\" data-id=\"333517a\" data-element_type=\"container\" data-e-type=\"container\" data-settings=\"{&quot;ecs_container_type&quot;:&quot;flex&quot;}\">\n\t\t\t\t\t<div class=\"e-con-inner\">\n\t\t<div class=\"elementor-element elementor-element-5172187 e-con-full e-ecs-flex e-flex e-con e-child\" data-id=\"5172187\" data-element_type=\"container\" data-e-type=\"container\" data-settings=\"{&quot;ecs_container_type&quot;:&quot;flex&quot;}\">\n\t\t\t\t<div class=\"elementor-element elementor-element-c3818d2 elementor-widget elementor-widget-heading\" data-id=\"c3818d2\" data-element_type=\"widget\" data-e-type=\"widget\" data-widget_type=\"heading.default\">\n\t\t\t\t\t<h2 class=\"elementor-heading-title elementor-size-default\">Voltage Regulator (VR)<\/h2>\t\t\t\t<\/div>\n\t\t\t\t<div class=\"elementor-element elementor-element-3441057 elementor-widget elementor-widget-text-editor\" data-id=\"3441057\" data-element_type=\"widget\" data-e-type=\"widget\" data-widget_type=\"text-editor.default\">\n\t\t\t\t\t\t\t\t\t<p>El Voltage Regulator (VR) es una soluci\u00f3n dise\u00f1ada para mantener niveles de voltaje estables dentro de rangos operativos \u00f3ptimos, protegiendo equipos el\u00e9ctricos y asegurando la continuidad de los procesos ante variaciones de la red.<\/p><p>Mediante un control autom\u00e1tico y preciso del voltaje, el VR compensa de forma din\u00e1mica ca\u00eddas y elevaciones, mejorando la calidad de energ\u00eda y reduciendo el estr\u00e9s el\u00e9ctrico en instalaciones industriales y sistemas de distribuci\u00f3n.<\/p>\t\t\t\t\t\t\t\t<\/div>\n\t\t\t\t<div class=\"elementor-element elementor-element-59d7986 elementor-widget elementor-widget-button\" data-id=\"59d7986\" data-element_type=\"widget\" data-e-type=\"widget\" data-widget_type=\"button.default\">\n\t\t\t\t\t\t\t\t\t\t<a class=\"elementor-button elementor-button-link elementor-size-sm\" href=\"https:\/\/diram.com\/es_mx\/contact-us\/\">\n\t\t\t\t\t\t<span class=\"elementor-button-content-wrapper\">\n\t\t\t\t\t\t\t\t\t<span class=\"elementor-button-text\">M\u00e1s informaci\u00f3n<\/span>\n\t\t\t\t\t<\/span>\n\t\t\t\t\t<\/a>\n\t\t\t\t\t\t\t\t<\/div>\n\t\t\t\t<\/div>\n\t\t<div class=\"elementor-element elementor-element-75e1020 e-con-full e-ecs-flex e-flex e-con e-child\" data-id=\"75e1020\" data-element_type=\"container\" data-e-type=\"container\" data-settings=\"{&quot;background_background&quot;:&quot;classic&quot;,&quot;ecs_container_type&quot;:&quot;flex&quot;}\">\n\t\t\t\t<\/div>\n\t\t\t\t\t<\/div>\n\t\t\t\t<\/div>\n\t\t<div class=\"elementor-element elementor-element-ebcf07e e-ecs-flex e-flex e-con-boxed e-con e-parent\" data-id=\"ebcf07e\" data-element_type=\"container\" data-e-type=\"container\" data-settings=\"{&quot;ecs_container_type&quot;:&quot;flex&quot;}\">\n\t\t\t\t\t<div class=\"e-con-inner\">\n\t\t<div class=\"elementor-element elementor-element-b296f37 e-con-full e-ecs-flex e-flex e-con e-child\" data-id=\"b296f37\" data-element_type=\"container\" data-e-type=\"container\" data-settings=\"{&quot;ecs_container_type&quot;:&quot;flex&quot;}\">\n\t\t<div class=\"elementor-element elementor-element-2612a2b e-con-full e-ecs-flex e-flex e-con e-child\" data-id=\"2612a2b\" data-element_type=\"container\" data-e-type=\"container\" data-settings=\"{&quot;background_background&quot;:&quot;classic&quot;,&quot;ecs_container_type&quot;:&quot;flex&quot;}\">\n\t\t\t\t<\/div>\n\t\t<div class=\"elementor-element elementor-element-5c9e4b8 e-con-full e-ecs-flex e-flex e-con e-child\" data-id=\"5c9e4b8\" data-element_type=\"container\" data-e-type=\"container\" data-settings=\"{&quot;background_background&quot;:&quot;classic&quot;,&quot;ecs_container_type&quot;:&quot;flex&quot;}\">\n\t\t\t\t<div class=\"elementor-element elementor-element-1002b05 elementor-widget elementor-widget-heading\" data-id=\"1002b05\" data-element_type=\"widget\" data-e-type=\"widget\" data-widget_type=\"heading.default\">\n\t\t\t\t\t<h2 class=\"elementor-heading-title elementor-size-default\">Active Power Filter (APF)<\/h2>\t\t\t\t<\/div>\n\t\t\t\t<div class=\"elementor-element elementor-element-d20323c elementor-widget elementor-widget-text-editor\" data-id=\"d20323c\" data-element_type=\"widget\" data-e-type=\"widget\" data-widget_type=\"text-editor.default\">\n\t\t\t\t\t\t\t\t\t<p>Un Filtro Activo de Potencia (APF) es una soluci\u00f3n avanzada para mitigar las corrientes arm\u00f3nicas y mejorar la calidad de energ\u00eda en sistemas el\u00e9ctricos con cargas no lineales.<\/p><p>Detecta y analiza las se\u00f1ales de corriente en tiempo real y genera una corriente de compensaci\u00f3n con fase opuesta para eliminar distorsiones, mejorar el factor de potencia y equilibrar cargas.<\/p><p>Esta tecnolog\u00eda din\u00e1mica cumple con est\u00e1ndares internacionales como IEEE-519, adapt\u00e1ndose autom\u00e1ticamente a variaciones de carga para mantener una energ\u00eda m\u00e1s limpia y eficiente en cualquier tipo de industria.<\/p>\t\t\t\t\t\t\t\t<\/div>\n\t\t\t\t<div class=\"elementor-element elementor-element-f9d3221 elementor-widget elementor-widget-button\" data-id=\"f9d3221\" data-element_type=\"widget\" data-e-type=\"widget\" data-widget_type=\"button.default\">\n\t\t\t\t\t\t\t\t\t\t<a class=\"elementor-button elementor-button-link elementor-size-sm\" href=\"https:\/\/diram.com\/es_mx\/contact-us\/\">\n\t\t\t\t\t\t<span class=\"elementor-button-content-wrapper\">\n\t\t\t\t\t\t\t\t\t<span class=\"elementor-button-text\">M\u00e1s informaci\u00f3n<\/span>\n\t\t\t\t\t<\/span>\n\t\t\t\t\t<\/a>\n\t\t\t\t\t\t\t\t<\/div>\n\t\t\t\t<\/div>\n\t\t\t\t<\/div>\n\t\t<div class=\"elementor-element elementor-element-dea7dab e-con-full e-ecs-flex e-flex e-con e-child\" data-id=\"dea7dab\" data-element_type=\"container\" data-e-type=\"container\" data-settings=\"{&quot;ecs_container_type&quot;:&quot;flex&quot;}\">\n\t\t<div class=\"elementor-element elementor-element-0221ac8 e-con-full e-ecs-flex e-flex e-con e-child\" data-id=\"0221ac8\" data-element_type=\"container\" data-e-type=\"container\" data-settings=\"{&quot;background_background&quot;:&quot;classic&quot;,&quot;ecs_container_type&quot;:&quot;flex&quot;}\">\n\t\t\t\t<\/div>\n\t\t<div class=\"elementor-element elementor-element-68acfd8 e-con-full e-ecs-flex e-flex e-con e-child\" data-id=\"68acfd8\" data-element_type=\"container\" data-e-type=\"container\" data-settings=\"{&quot;background_background&quot;:&quot;classic&quot;,&quot;ecs_container_type&quot;:&quot;flex&quot;}\">\n\t\t\t\t<div class=\"elementor-element elementor-element-0d49ef5 elementor-widget elementor-widget-heading\" data-id=\"0d49ef5\" data-element_type=\"widget\" data-e-type=\"widget\" data-widget_type=\"heading.default\">\n\t\t\t\t\t<h2 class=\"elementor-heading-title elementor-size-default\">Thyristor Switched Harmonic Filter (TSHF)<\/h2>\t\t\t\t<\/div>\n\t\t\t\t<div class=\"elementor-element elementor-element-b93d5fe elementor-widget elementor-widget-text-editor\" data-id=\"b93d5fe\" data-element_type=\"widget\" data-e-type=\"widget\" data-widget_type=\"text-editor.default\">\n\t\t\t\t\t\t\t\t\t<p>Es una soluci\u00f3n avanzada para la mitigaci\u00f3n de arm\u00f3nicos en sistemas el\u00e9ctricos con cargas din\u00e1micas y procesos altamente variables. Mediante la conmutaci\u00f3n por tiristores, el TSHF ofrece una respuesta pr\u00e1cticamente instant\u00e1nea, permitiendo adaptar la compensaci\u00f3n arm\u00f3nica en tiempo real y evitando el sobredimensionamiento t\u00edpico de soluciones pasivas convencionales.<\/p><p>Esto se traduce en una mejora significativa de la calidad de energ\u00eda, reducci\u00f3n de distorsi\u00f3n arm\u00f3nica total (THD) y mayor estabilidad operativa de los equipos conectados.<\/p>\t\t\t\t\t\t\t\t<\/div>\n\t\t\t\t<div class=\"elementor-element elementor-element-8858c15 elementor-widget elementor-widget-button\" data-id=\"8858c15\" data-element_type=\"widget\" data-e-type=\"widget\" data-widget_type=\"button.default\">\n\t\t\t\t\t\t\t\t\t\t<a class=\"elementor-button elementor-button-link elementor-size-sm\" href=\"https:\/\/diram.com\/es_mx\/contact-us\/\">\n\t\t\t\t\t\t<span class=\"elementor-button-content-wrapper\">\n\t\t\t\t\t\t\t\t\t<span class=\"elementor-button-text\">M\u00e1s informaci\u00f3n<\/span>\n\t\t\t\t\t<\/span>\n\t\t\t\t\t<\/a>\n\t\t\t\t\t\t\t\t<\/div>\n\t\t\t\t<\/div>\n\t\t\t\t<\/div>\n\t\t\t\t\t<\/div>\n\t\t\t\t<\/div>\n\t\t<div class=\"elementor-element elementor-element-770fa02 e-ecs-flex e-flex e-con-boxed e-con e-parent\" data-id=\"770fa02\" data-element_type=\"container\" data-e-type=\"container\" data-settings=\"{&quot;ecs_container_type&quot;:&quot;flex&quot;}\">\n\t\t\t\t\t<div class=\"e-con-inner\">\n\t\t<div class=\"elementor-element elementor-element-8692d68 e-con-full e-ecs-flex e-flex e-con e-child\" data-id=\"8692d68\" data-element_type=\"container\" data-e-type=\"container\" data-settings=\"{&quot;ecs_container_type&quot;:&quot;flex&quot;}\">\n\t\t<div class=\"elementor-element elementor-element-39e37fc e-con-full e-ecs-flex e-flex e-con e-child\" data-id=\"39e37fc\" data-element_type=\"container\" data-e-type=\"container\" data-settings=\"{&quot;background_background&quot;:&quot;classic&quot;,&quot;ecs_container_type&quot;:&quot;flex&quot;}\">\n\t\t\t\t<\/div>\n\t\t<div class=\"elementor-element elementor-element-ed4eab7 e-con-full e-ecs-flex e-flex e-con e-child\" data-id=\"ed4eab7\" data-element_type=\"container\" data-e-type=\"container\" data-settings=\"{&quot;background_background&quot;:&quot;classic&quot;,&quot;ecs_container_type&quot;:&quot;flex&quot;}\">\n\t\t\t\t<div class=\"elementor-element elementor-element-5472894 elementor-widget elementor-widget-heading\" data-id=\"5472894\" data-element_type=\"widget\" data-e-type=\"widget\" data-widget_type=\"heading.default\">\n\t\t\t\t\t<h2 class=\"elementor-heading-title elementor-size-default\">Dynamic Voltage Restorer (DVR) <\/h2>\t\t\t\t<\/div>\n\t\t\t\t<div class=\"elementor-element elementor-element-6eb00ff elementor-widget elementor-widget-text-editor\" data-id=\"6eb00ff\" data-element_type=\"widget\" data-e-type=\"widget\" data-widget_type=\"text-editor.default\">\n\t\t\t\t\t\t\t\t\t<p>Es una soluci\u00f3n avanzada de calidad de energ\u00eda dise\u00f1ada para proteger procesos industriales sensibles contra ca\u00eddas, sobretensiones y distorsiones de voltaje.<\/p><p>Con la inyecci\u00f3n din\u00e1mica de voltaje en tiempo real, el DVR restaura el perfil el\u00e9ctrico adecuado antes de que las variaciones impacten equipos cr\u00edticos o detengan la producci\u00f3n. Es especialmente efectivo en industrias con procesos continuos, l\u00edneas automatizadas y cargas electr\u00f3nicas sensibles, donde incluso perturbaciones breves pueden generar p\u00e9rdidas significativas.<\/p>\t\t\t\t\t\t\t\t<\/div>\n\t\t\t\t<div class=\"elementor-element elementor-element-91df521 elementor-widget elementor-widget-button\" data-id=\"91df521\" data-element_type=\"widget\" data-e-type=\"widget\" data-widget_type=\"button.default\">\n\t\t\t\t\t\t\t\t\t\t<a class=\"elementor-button elementor-button-link elementor-size-sm\" href=\"https:\/\/diram.com\/es_mx\/contact-us\/\">\n\t\t\t\t\t\t<span class=\"elementor-button-content-wrapper\">\n\t\t\t\t\t\t\t\t\t<span class=\"elementor-button-text\">M\u00e1s informaci\u00f3n<\/span>\n\t\t\t\t\t<\/span>\n\t\t\t\t\t<\/a>\n\t\t\t\t\t\t\t\t<\/div>\n\t\t\t\t<\/div>\n\t\t\t\t<\/div>\n\t\t<div class=\"elementor-element elementor-element-0a6ccfe e-con-full e-ecs-flex e-flex e-con e-child\" data-id=\"0a6ccfe\" data-element_type=\"container\" data-e-type=\"container\" data-settings=\"{&quot;ecs_container_type&quot;:&quot;flex&quot;}\">\n\t\t<div class=\"elementor-element elementor-element-49d47f5 e-con-full e-ecs-flex e-flex e-con e-child\" data-id=\"49d47f5\" data-element_type=\"container\" data-e-type=\"container\" data-settings=\"{&quot;background_background&quot;:&quot;classic&quot;,&quot;ecs_container_type&quot;:&quot;flex&quot;}\">\n\t\t\t\t<\/div>\n\t\t<div class=\"elementor-element elementor-element-f6a1484 e-con-full e-ecs-flex e-flex e-con e-child\" data-id=\"f6a1484\" data-element_type=\"container\" data-e-type=\"container\" data-settings=\"{&quot;background_background&quot;:&quot;classic&quot;,&quot;ecs_container_type&quot;:&quot;flex&quot;}\">\n\t\t\t\t<div class=\"elementor-element elementor-element-8dc02dd elementor-widget elementor-widget-heading\" data-id=\"8dc02dd\" data-element_type=\"widget\" data-e-type=\"widget\" data-widget_type=\"heading.default\">\n\t\t\t\t\t<h2 class=\"elementor-heading-title elementor-size-default\">Uninterruptible Power Supply (UPS)<\/h2>\t\t\t\t<\/div>\n\t\t\t\t<div class=\"elementor-element elementor-element-388a5c3 elementor-widget elementor-widget-text-editor\" data-id=\"388a5c3\" data-element_type=\"widget\" data-e-type=\"widget\" data-widget_type=\"text-editor.default\">\n\t\t\t\t\t\t\t\t\t<p>Los sistemas UPS proporcionan respaldo inmediato ante interrupciones, ca\u00eddas de tensi\u00f3n y variaciones de frecuencia, asegurando la operaci\u00f3n continua de cargas cr\u00edticas.<\/p><p>Adem\u00e1s de garantizar suministro confiable, los UPS modernos contribuyen a la estabilidad del sistema el\u00e9ctrico, complementando tecnolog\u00edas tradicionales como generadores s\u00edncronos o soluciones de inercia, y ofreciendo alta eficiencia, r\u00e1pida respuesta y protecci\u00f3n integral para equipos el\u00e9ctricos en aplicaciones industriales y comerciales.<\/p>\t\t\t\t\t\t\t\t<\/div>\n\t\t\t\t<div class=\"elementor-element elementor-element-aafde8d elementor-widget elementor-widget-button\" data-id=\"aafde8d\" data-element_type=\"widget\" data-e-type=\"widget\" data-widget_type=\"button.default\">\n\t\t\t\t\t\t\t\t\t\t<a class=\"elementor-button elementor-button-link elementor-size-sm\" href=\"https:\/\/diram.com\/es_mx\/contact-us\/\">\n\t\t\t\t\t\t<span class=\"elementor-button-content-wrapper\">\n\t\t\t\t\t\t\t\t\t<span class=\"elementor-button-text\">M\u00e1s informaci\u00f3n<\/span>\n\t\t\t\t\t<\/span>\n\t\t\t\t\t<\/a>\n\t\t\t\t\t\t\t\t<\/div>\n\t\t\t\t<\/div>\n\t\t\t\t<\/div>\n\t\t\t\t\t<\/div>\n\t\t\t\t<\/div>\n\t\t\t\t<\/div>\n\t\t","protected":false},"excerpt":{"rendered":"<p>Conoce nuestros Productos Expertos en el dise\u00f1o, fabricaci\u00f3n e implementaci\u00f3n de proyectos de compensaci\u00f3n reactiva, optimizaci\u00f3n de la calidad de la energ\u00eda y cumplimiento del C\u00f3digo de Red para la industria de alto consumo y plantas de generaci\u00f3n renovable. Bancos de Capacitores Filtros de Arm\u00f3nicas M\u00e1s informaci\u00f3n Los bancos de capacitores de DIRAM han sido [&hellip;]<\/p>\n","protected":false},"author":1,"featured_media":0,"parent":0,"menu_order":0,"comment_status":"closed","ping_status":"closed","template":"","meta":{"_acf_changed":false,"footnotes":""},"class_list":["post-7335","page","type-page","status-publish","hentry"],"acf":[],"_links":{"self":[{"href":"https:\/\/diram.com\/es_mx\/wp-json\/wp\/v2\/pages\/7335","targetHints":{"allow":["GET"]}}],"collection":[{"href":"https:\/\/diram.com\/es_mx\/wp-json\/wp\/v2\/pages"}],"about":[{"href":"https:\/\/diram.com\/es_mx\/wp-json\/wp\/v2\/types\/page"}],"author":[{"embeddable":true,"href":"https:\/\/diram.com\/es_mx\/wp-json\/wp\/v2\/users\/1"}],"replies":[{"embeddable":true,"href":"https:\/\/diram.com\/es_mx\/wp-json\/wp\/v2\/comments?post=7335"}],"version-history":[{"count":0,"href":"https:\/\/diram.com\/es_mx\/wp-json\/wp\/v2\/pages\/7335\/revisions"}],"wp:attachment":[{"href":"https:\/\/diram.com\/es_mx\/wp-json\/wp\/v2\/media?parent=7335"}],"curies":[{"name":"wp","href":"https:\/\/api.w.org\/{rel}","templated":true}]}}